
{"id":1648,"date":"2019-10-22T19:43:02","date_gmt":"2019-10-22T16:43:02","guid":{"rendered":"http:\/\/tool-lx.gr\/zen\/zen\/genealogia\/"},"modified":"2022-12-06T16:03:26","modified_gmt":"2022-12-06T14:03:26","slug":"lineage","status":"publish","type":"page","link":"https:\/\/www.zencenterathens.com\/en\/zen\/lineage\/","title":{"rendered":"LINEAGE"},"content":{"rendered":"\t\t    \n\t<section id=\"zen-custom-block_5dee70b3e4946\" class=\"zen-full-image-block\">\n\t\t            <div class=\"custom-main-image\"><img width=\"1400\" height=\"900\" src=\"https:\/\/www.zencenterathens.com\/wp-content\/uploads\/2019\/12\/IMG_0210-1400x900.jpg\" class=\"attachment-maxWidth1400maxHeight900 size-maxWidth1400maxHeight900\" alt=\"\" loading=\"lazy\" \/><\/div>\n        \t<\/section>    \n\n\n\t\t    \n\t<section id=\"zen-custom-block_5db082b2dd1a6\" class=\"zen-full-text-block\">\n\t\t            <h2 class=\"custom-title\">MASTER TEACHER OF THE ZEN CENTER, KOTEN ROSHI<\/h2>\n                            <div class=\"custom-text\"><p class=\"p1\"><strong>Koten Inoue Roshi<\/strong> was born in Hiroshima prefecture, Japan. Still in his early teens, he entered <strong>Hosshin-ji<\/strong> monastery in <strong>Fukui<\/strong> prefecture, Japan, to begin Zen training and remained there for several years. Later, he continued his study under Sekkei Harada Roshi of Hosshin-ji. He currently serves as Godo Roshi (senior monk in charge of the meditation hall) at Hosshin-ji monastery and as an executive of the Soto Sect Teachers&#8217; Association of Japan. He also served for six years as executive chairman of the <strong>Soto Sect&#8217;s Association of Zen Meditation Dojos<\/strong> (for laymen). He is the resident priest of Saiken-ji temple in Hamamatsu, Japan.<\/p>\n<\/div>\n        \t<\/section>\n    \n\n\n\t    \n\t<section id=\"\" class=\"zen-small-image-block\">\n\t\t            <div class=\"custom-small-image\"><img width=\"850\" height=\"1275\" src=\"https:\/\/www.zencenterathens.com\/wp-content\/uploads\/2019\/12\/MG_2521-850x1275.jpg\" class=\"attachment-maxWidth850maxHeightAuto size-maxWidth850maxHeightAuto\" alt=\"\" loading=\"lazy\" \/><\/div>\n        \t<\/section> \n    \n\n\n\t\t    \n\t<section id=\"zen-custom-block_5db0886ce4009\" class=\"zen-full-text-block\">\n\t\t            <h2 class=\"custom-title\">TEACHER OF THE ZEN CENTER, DOIKU TAKEDA SENSEI<\/h2>\n                            <div class=\"custom-text\"><p class=\"p1\"><strong>Doiku Takeda sensei<\/strong> was born in the US. In 1975 he went to Japan to enter <strong>Hosshin-ji<\/strong> monastery and practice zazen under Sekkei Harada Roshi. Shortly after, he ordained as a monk and continued to practice at Hosshin-ji for over 20 years. Later, he moved to <strong>Ryusen-ji,<\/strong> a small temple in Hiroshima prefecture, to continue his training. He is now the resident monk of Ryusen-ji and also holds the position of Godo at Tosho-ji monastery in Okayama prefecture, Japan.<\/p>\n<\/div>\n        \t<\/section>\n    \n\n\n\t    \n\t<section id=\"\" class=\"zen-small-image-block\">\n\t\t            <div class=\"custom-small-image\"><img width=\"850\" height=\"1275\" src=\"https:\/\/www.zencenterathens.com\/wp-content\/uploads\/2019\/12\/MG_2519-\u03b1\u03bd\u03c4\u03b9\u0301\u03b3\u03c1\u03b1\u03c6\u03bf-850x1275.jpg\" class=\"attachment-maxWidth850maxHeightAuto size-maxWidth850maxHeightAuto\" alt=\"\" loading=\"lazy\" \/><\/div>\n        \t<\/section> \n    \n\n\n\t\t    \n\t<section id=\"zen-custom-block_5db0986fe400b\" class=\"zen-full-text-block\">\n\t\t            <h2 class=\"custom-title\">RESIDENT TEACHER OF THE ZEN CENTER, KONSTANTINOS SGOUMPOPOULOS<\/h2>\n                            <div class=\"custom-text\"><p><strong>Konstantinos Sgoubopoulos<\/strong> was born and raised in Athens. He has been practicing Tae Kwon do since 1986, owner of 7 Dan and 3 Dan in the art of Iaido. Since 1998 he has been studying and delving into the philosophy and practice of Zen.<\/p>\n<p>In 1999 he goes <strong>Shaolin Monastery<\/strong> in China for the prequisite interview that would enable him to follow the three-months monk training there. He succeeds and is admitted for the practice-training in Zen meditation. By 2001 he therefore returns to China for the 100 days of meditation in the monastery, required to be able to continue his independent practice back in Greece. By completing this training he is given monk status and begins deepening his daily zazen practice.<\/p>\n<p>In 2010 he visits Fudenji, a Japanese<strong> Soto Zen monastery<\/strong> in Italy. There he makes a definitive decision to focus completely on the practice and teaching of Zen and the goal of establishing in Greece the first Soto Zen Monastery.<\/p>\n<p>In 2012 travels to <strong>Hosshin-ji<\/strong> monastery and is accepted by its abbot at the time, Koten Roshi as a novice monk and his student. By 2013 he becomes a Soto Zen monk and since then, he returns to Hosshin-ji uninterruptedly two times a year for intensive practice. In the meantime, in 2013 he establishes<strong> Zen Center Athens,<\/strong> where he is currently based as the Sangha teacher and Koten Roshi\u2019s representative in Greece.<\/p>\n<\/div>\n        \t<\/section>\n    \n\n\n\t    \n\t<section id=\"\" class=\"zen-small-image-block\">\n\t\t            <div class=\"custom-small-image\"><img width=\"850\" height=\"1275\" src=\"https:\/\/www.zencenterathens.com\/wp-content\/uploads\/2019\/12\/011__IMG_8072-\u03b1\u03bd\u03c4\u03b9\u0301\u03b3\u03c1\u03b1\u03c6\u03bf-850x1275.jpg\" class=\"attachment-maxWidth850maxHeightAuto size-maxWidth850maxHeightAuto\" alt=\"\" loading=\"lazy\" \/><\/div>\n        \t<\/section> \n    \n\n\n\t    \n\t<section id=\"\" class=\"zen-small-image-block\">\n\t\t            <div class=\"custom-small-image\"><img width=\"850\" height=\"987\" src=\"https:\/\/www.zencenterathens.com\/wp-content\/uploads\/2019\/12\/IMG_8255-\u03b1\u03bd\u03c4\u03b9\u0301\u03b3\u03c1\u03b1\u03c6\u03bf-850x987.jpg\" class=\"attachment-maxWidth850maxHeightAuto size-maxWidth850maxHeightAuto\" alt=\"\" loading=\"lazy\" \/><\/div>\n        \t<\/section> \n    \n\n\n\t\t    \n\t<section id=\"zen-custom-block_5db0820bdd1a4\" class=\"zen-small-text-block\">\n                    <div class=\"custom-text\"><p><strong>Dharma lineage of\u00a0 Hosshin-ji Monastery<\/strong><\/p>\n<p><strong>Eihei D\u014dgen (1200-1253)<\/strong><br \/>\n<strong>Koun Ej\u014d (1198-1280)<\/strong><br \/>\n<strong>Tetts\u016b Gikai (1219-1309)<\/strong><br \/>\n<strong>Keizan J\u014dkin (1268-1325)<\/strong><br \/>\n<strong>Meih\u014d Sotetsu (1277-1350)<\/strong><br \/>\n<strong>Shugan D\u014dchin (?-1387)<\/strong><br \/>\n<strong>Tessan Shikaku (?-1376)<\/strong><br \/>\n<strong>Keigan Eish\u014d (1321-1412)<\/strong><br \/>\n<strong>Chuzan Ry\u014dun (1350-1432)<\/strong><br \/>\n<strong>Gisan T\u014dnin (1386-1462)<\/strong><br \/>\n<strong>Sh\u014dgaku Kenry\u016b (?-1485)<\/strong><br \/>\n<strong>Kinen H\u014dry\u016b (?-1506)<\/strong><br \/>\n<strong>Daishitsu Chisen (1461-1536)<\/strong><br \/>\n<strong>Kokei Sh\u014djun (?-1555)<\/strong><br \/>\n<strong>Sess\u014d Y\u016bho (?-1576)<\/strong><br \/>\n<strong>Kaiten Genju<\/strong><br \/>\n<strong>Sh\u016bzan Shunsh\u014d (1590-1647)<\/strong><br \/>\n<strong>Ch\u014dzan Gin&#8217;etsu (1581-1672)<\/strong><br \/>\n<strong>Fukush\u016b K\u014dchi<\/strong><br \/>\n<strong>Meid\u014d Y\u016bton<\/strong><br \/>\n<strong>Hakuh\u014d Genteki (1594-1670)<\/strong><br \/>\n<strong>Gessh\u016b S\u014dko (1618-1696)<\/strong><br \/>\n<strong>Toku\u014d Ry\u014dk\u014d (1649-1709)<\/strong><br \/>\n<strong>H\u014dgen Soren<\/strong><br \/>\n<strong>Sekis\u014d Tessh\u016b<\/strong><br \/>\n<strong>Ry\u016bk\u014d Ry\u014dsh\u016b<\/strong><br \/>\n<strong>Renzan Soh\u014d<\/strong><br \/>\n<strong>Motsugai Shid\u014d<\/strong><br \/>\n<strong>Gukei Y\u014dun<\/strong><br \/>\n<strong>Kakush\u014d Sod\u014d (1844-1931) [Harada]<\/strong><br \/>\n<strong>Daiun Sogaku (1871-1961) [Harada ]<\/strong><br \/>\n<strong>Keigan Sessui [Harada]<\/strong><br \/>\n<strong>Shoan Sekkei (1926-) [Harada]<\/strong><\/p>\n<\/div>\n        \t<\/section>\n    \n\n\n\t\t    \n\t<section id=\"zen-custom-block_5db0829bdd1a5\" class=\"zen-small-text-block\">\n        \t<\/section>\n    \n\n\n\t\t    \n\t<section id=\"zen-custom-block_5dee70f8e4948\" class=\"zen-full-image-block\">\n\t\t            <div class=\"custom-main-image\"><img width=\"1400\" height=\"900\" src=\"https:\/\/www.zencenterathens.com\/wp-content\/uploads\/2019\/12\/IMG_0213-1400x900.jpg\" class=\"attachment-maxWidth1400maxHeight900 size-maxWidth1400maxHeight900\" alt=\"\" loading=\"lazy\" \/><\/div>\n        \t<\/section>    \n","protected":false},"excerpt":{"rendered":"","protected":false},"author":2,"featured_media":1435,"parent":1645,"menu_order":34,"comment_status":"closed","ping_status":"closed","template":"","meta":[],"acf":[],"_links":{"self":[{"href":"https:\/\/www.zencenterathens.com\/en\/wp-json\/wp\/v2\/pages\/1648"}],"collection":[{"href":"https:\/\/www.zencenterathens.com\/en\/wp-json\/wp\/v2\/pages"}],"about":[{"href":"https:\/\/www.zencenterathens.com\/en\/wp-json\/wp\/v2\/types\/page"}],"author":[{"embeddable":true,"href":"https:\/\/www.zencenterathens.com\/en\/wp-json\/wp\/v2\/users\/2"}],"replies":[{"embeddable":true,"href":"https:\/\/www.zencenterathens.com\/en\/wp-json\/wp\/v2\/comments?post=1648"}],"version-history":[{"count":22,"href":"https:\/\/www.zencenterathens.com\/en\/wp-json\/wp\/v2\/pages\/1648\/revisions"}],"predecessor-version":[{"id":5831,"href":"https:\/\/www.zencenterathens.com\/en\/wp-json\/wp\/v2\/pages\/1648\/revisions\/5831"}],"up":[{"embeddable":true,"href":"https:\/\/www.zencenterathens.com\/en\/wp-json\/wp\/v2\/pages\/1645"}],"wp:featuredmedia":[{"embeddable":true,"href":"https:\/\/www.zencenterathens.com\/en\/wp-json\/wp\/v2\/media\/1435"}],"wp:attachment":[{"href":"https:\/\/www.zencenterathens.com\/en\/wp-json\/wp\/v2\/media?parent=1648"}],"curies":[{"name":"wp","href":"https:\/\/api.w.org\/{rel}","templated":true}]}}